{"id":14,"date":"2016-01-18T11:57:49","date_gmt":"2016-01-18T10:57:49","guid":{"rendered":"http:\/\/architekt-maier.com\/demo\/?page_id=14"},"modified":"2016-02-19T11:47:49","modified_gmt":"2016-02-19T10:47:49","slug":"14-2","status":"publish","type":"page","link":"http:\/\/architekt-maier.com\/","title":{"rendered":""},"content":{"rendered":"<div id=\"pl-14\"  class=\"panel-layout\" ><div id=\"pg-14-0\"  class=\"panel-grid panel-has-style\" ><div class=\"panel-row-style panel-row-style-for-14-0\" ><div id=\"pgc-14-0-0\"  class=\"panel-grid-cell\" ><div id=\"panel-14-0-0-0\" class=\"so-panel widget widget_sow-image panel-first-child\" data-index=\"0\" ><div\n\t\t\t\n\t\t\tclass=\"so-widget-sow-image so-widget-sow-image-default-dbf295114b96-14\"\n\t\t\t\n\t\t>\n\n<div class=\"sow-image-container\">\n\t\t<img src=\"http:\/\/architekt-maier.com\/wp-content\/uploads\/2016\/01\/3-300x167.jpg\" width=\"300\" height=\"167\" srcset=\"http:\/\/architekt-maier.com\/wp-content\/uploads\/2016\/01\/3-300x167.jpg 300w, http:\/\/architekt-maier.com\/wp-content\/uploads\/2016\/01\/3-768x427.jpg 768w, http:\/\/architekt-maier.com\/wp-content\/uploads\/2016\/01\/3-600x334.jpg 600w, http:\/\/architekt-maier.com\/wp-content\/uploads\/2016\/01\/3.jpg 813w\" sizes=\"(max-width: 300px) 100vw, 300px\" alt=\"\" loading=\"lazy\" \t\tclass=\"so-widget-image\"\/>\n\t<\/div>\n\n<\/div><\/div><div id=\"panel-14-0-0-1\" class=\"so-panel widget widget_sow-image panel-last-child\" data-index=\"1\" ><div\n\t\t\t\n\t\t\tclass=\"so-widget-sow-image so-widget-sow-image-default-dbf295114b96-14\"\n\t\t\t\n\t\t>\n\n<div class=\"sow-image-container\">\n\t\t<img src=\"http:\/\/architekt-maier.com\/wp-content\/uploads\/2016\/01\/2-1-300x167.jpg\" width=\"300\" height=\"167\" srcset=\"http:\/\/architekt-maier.com\/wp-content\/uploads\/2016\/01\/2-1-300x167.jpg 300w, http:\/\/architekt-maier.com\/wp-content\/uploads\/2016\/01\/2-1-768x426.jpg 768w, http:\/\/architekt-maier.com\/wp-content\/uploads\/2016\/01\/2-1-600x333.jpg 600w, http:\/\/architekt-maier.com\/wp-content\/uploads\/2016\/01\/2-1.jpg 800w\" sizes=\"(max-width: 300px) 100vw, 300px\" title=\"2\" alt=\"\" loading=\"lazy\" \t\tclass=\"so-widget-image\"\/>\n\t<\/div>\n\n<\/div><\/div><\/div><div id=\"pgc-14-0-1\"  class=\"panel-grid-cell\" ><div id=\"panel-14-0-1-0\" class=\"so-panel widget widget_sow-image panel-first-child\" data-index=\"2\" ><div\n\t\t\t\n\t\t\tclass=\"so-widget-sow-image so-widget-sow-image-default-dbf295114b96-14\"\n\t\t\t\n\t\t>\n\n<div class=\"sow-image-container\">\n\t\t<img src=\"http:\/\/architekt-maier.com\/wp-content\/uploads\/2016\/01\/Sozialimmobilie-Seniorenresidenz-1-300x167.jpg\" width=\"300\" height=\"167\" srcset=\"http:\/\/architekt-maier.com\/wp-content\/uploads\/2016\/01\/Sozialimmobilie-Seniorenresidenz-1-300x167.jpg 300w, http:\/\/architekt-maier.com\/wp-content\/uploads\/2016\/01\/Sozialimmobilie-Seniorenresidenz-1-768x428.jpg 768w, http:\/\/architekt-maier.com\/wp-content\/uploads\/2016\/01\/Sozialimmobilie-Seniorenresidenz-1.jpg 1024w, http:\/\/architekt-maier.com\/wp-content\/uploads\/2016\/01\/Sozialimmobilie-Seniorenresidenz-1-600x335.jpg 600w\" sizes=\"(max-width: 300px) 100vw, 300px\" title=\"Sozialimmobilie Seniorenresidenz\" alt=\"\" loading=\"lazy\" \t\tclass=\"so-widget-image\"\/>\n\t<\/div>\n\n<\/div><\/div><div id=\"panel-14-0-1-1\" class=\"so-panel widget widget_sow-image panel-last-child\" data-index=\"3\" ><div\n\t\t\t\n\t\t\tclass=\"so-widget-sow-image so-widget-sow-image-default-dbf295114b96-14\"\n\t\t\t\n\t\t>\n\n<div class=\"sow-image-container\">\n\t\t<img src=\"http:\/\/architekt-maier.com\/wp-content\/uploads\/2016\/01\/Privatbau-Einfamilienwohnhaus-300x167.jpg\" width=\"300\" height=\"167\" srcset=\"http:\/\/architekt-maier.com\/wp-content\/uploads\/2016\/01\/Privatbau-Einfamilienwohnhaus-300x167.jpg 300w, http:\/\/architekt-maier.com\/wp-content\/uploads\/2016\/01\/Privatbau-Einfamilienwohnhaus-768x426.jpg 768w, http:\/\/architekt-maier.com\/wp-content\/uploads\/2016\/01\/Privatbau-Einfamilienwohnhaus-600x333.jpg 600w, http:\/\/architekt-maier.com\/wp-content\/uploads\/2016\/01\/Privatbau-Einfamilienwohnhaus.jpg 800w\" sizes=\"(max-width: 300px) 100vw, 300px\" title=\"Privatbau Einfamilienwohnhaus\" alt=\"\" loading=\"lazy\" \t\tclass=\"so-widget-image\"\/>\n\t<\/div>\n\n<\/div><\/div><\/div><\/div><\/div><div id=\"pg-14-1\"  class=\"panel-grid panel-no-style\" ><div id=\"pgc-14-1-0\"  class=\"panel-grid-cell\" ><div id=\"panel-14-1-0-0\" class=\"so-panel widget widget_sow-editor panel-first-child panel-last-child\" data-index=\"4\" ><div class=\"panel-widget-style panel-widget-style-for-14-1-0-0\" ><div\n\t\t\t\n\t\t\tclass=\"so-widget-sow-editor so-widget-sow-editor-base\"\n\t\t\t\n\t\t>\n<div class=\"siteorigin-widget-tinymce textwidget\">\n\t<p>Das Architekturb\u00fcro <span style=\"color: #81e670;\">JOSEF MAIER <\/span> besteht seit 1972. <br \/>\nJosef Maier ist Baumeister und seit \u00fcber 35 Jahren eingetragener Architekt BDB der bayerischen Architektenkammer. <\/p>\n<p>Das Architekturb\u00fcro <span style=\"color: #81e670;\">JOSEF MAIER<\/span> plant, realisiert und \u00fcberwacht Ihr Bauprojekt gem\u00e4\u00df allen Leistungsphasen der HOAI: von Grundlagenermittlung und Entwurf, \u00fcber Planung und Ausschreibung, bis hin zu Vergabe, Bauleitung und Bau\u00fcberwachung. <br \/> So entstehen hochfunktionale und technisch vollausger\u00fcstete Gewerbebauten, alten- und behindertengerechte Sozialimmobilien, repr\u00e4sentative \u00f6ffentliche Bauten und individuelle Privatbauten: schl\u00fcsselfertig, qualitativ, termin- und kostentreu, stets unter Einhaltung s\u00e4mtlicher DIN- und Werksnormen. <\/p>\n<p>Selbstverst\u00e4ndlich steht Ihnen das Architekturb\u00fcro <span style=\"color: #81e670;\">JOSEF MAIER<\/span> nicht nur als umsetzungsstarker Projektmanager, sondern gerne auch beratend zur Seite, beispielsweise f\u00fcr Wertermittlung oder Gutachten.  <\/p>\n<p><span style=\"color: #81e670;\">JOSEF MAIER <\/span>Architekturb\u00fcro <br \/>\nLohbergstrasse 18 <br \/>\n84570 Polling <\/p>\n<p>Telefon: 0 86 33 . 89 86 -0 <br \/>\nTelefax: 0 86 33 . 89 86 22 <\/p>\n<p>E-Mail: info@architekt-maier.com <br \/>\nInternet: www.architekt-maier.com <\/p>\n<p><\/p>\n<\/div>\n<\/div><\/div><\/div><\/div><\/div><\/div>","protected":false},"excerpt":{"rendered":"<p>Das Architekturb\u00fcro JOSEF MAIER besteht seit 1972. Josef Maier ist Baumeister und seit \u00fcber 35 Jahren eingetragener Architekt BDB der bayerischen Architektenkammer. Das Architekturb\u00fcro JOSEF MAIER plant, realisiert und \u00fcberwacht Ihr Bauprojekt gem\u00e4\u00df allen Leistungsphasen der HOAI: von Grundlagenermittlung und Entwurf, \u00fcber Planung und Ausschreibung, bis hin zu Vergabe, Bauleitung und Bau\u00fcberwachung. So entstehen hochfunktionale und technisch vollausger\u00fcstete Gewerbebauten, alten- und behindertengerechte Sozialimmobilien, repr\u00e4sentative \u00f6ffentliche Bauten und individuelle Privatbauten: schl\u00fcsselfertig,&#8230;<\/p>\n","protected":false},"author":1,"featured_media":0,"parent":0,"menu_order":0,"comment_status":"closed","ping_status":"closed","template":"","meta":[],"_links":{"self":[{"href":"http:\/\/architekt-maier.com\/index.php?rest_route=\/wp\/v2\/pages\/14"}],"collection":[{"href":"http:\/\/architekt-maier.com\/index.php?rest_route=\/wp\/v2\/pages"}],"about":[{"href":"http:\/\/architekt-maier.com\/index.php?rest_route=\/wp\/v2\/types\/page"}],"author":[{"embeddable":true,"href":"http:\/\/architekt-maier.com\/index.php?rest_route=\/wp\/v2\/users\/1"}],"replies":[{"embeddable":true,"href":"http:\/\/architekt-maier.com\/index.php?rest_route=%2Fwp%2Fv2%2Fcomments&post=14"}],"version-history":[{"count":29,"href":"http:\/\/architekt-maier.com\/index.php?rest_route=\/wp\/v2\/pages\/14\/revisions"}],"predecessor-version":[{"id":69,"href":"http:\/\/architekt-maier.com\/index.php?rest_route=\/wp\/v2\/pages\/14\/revisions\/69"}],"wp:attachment":[{"href":"http:\/\/architekt-maier.com\/index.php?rest_route=%2Fwp%2Fv2%2Fmedia&parent=14"}],"curies":[{"name":"wp","href":"https:\/\/api.w.org\/{rel}","templated":true}]}}